{"id":102452,"date":"2016-07-19T16:15:48","date_gmt":"2016-07-19T14:15:48","guid":{"rendered":"https:\/\/nectarandpulse.com\/philosophy-2\/"},"modified":"2021-01-20T12:17:58","modified_gmt":"2021-01-20T11:17:58","slug":"philosophie","status":"publish","type":"page","link":"https:\/\/nectarandpulse.com\/de\/philosophie\/","title":{"rendered":"Philosophie"},"content":{"rendered":"<div id=\"pl-102452\"  class=\"panel-layout\"><div id=\"pg-102452-0\"  class=\"panel-grid panel-no-style\"><div id=\"pgc-102452-0-0\"  class=\"panel-grid-cell\"><div id=\"panel-102452-0-0-0\" class=\"so-panel widget widget_sow-image panel-first-child\" data-index=\"0\"><div\n\t\t\t\n\t\t\tclass=\"so-widget-sow-image so-widget-sow-image-default-8b5b6f678277-102452\">\n\n<div class=\"sow-image-container\" style=\"position: relative;\">\n            <img loading=\"lazy\" decoding=\"async\" src=\"https:\/\/nectarandpulse.com\/wp-d90bc-content\/uploads\/2016\/07\/np_world_collage.jpg\" width=\"3189\" height=\"2244\" srcset=\"https:\/\/nectarandpulse.com\/wp-d90bc-content\/uploads\/2016\/07\/np_world_collage.jpg 3189w, https:\/\/nectarandpulse.com\/wp-d90bc-content\/uploads\/2016\/07\/np_world_collage-300x211.jpg 300w, https:\/\/nectarandpulse.com\/wp-d90bc-content\/uploads\/2016\/07\/np_world_collage-768x540.jpg 768w, https:\/\/nectarandpulse.com\/wp-d90bc-content\/uploads\/2016\/07\/np_world_collage-1024x721.jpg 1024w\" sizes=\"(max-width: 3189px) 100vw, 3189px\"  class=\"so-widget-image\"\/>\n        \n    <\/div>\n\n<\/div><\/div><div id=\"panel-102452-0-0-1\" class=\"so-panel widget widget_sow-editor panel-last-child\" data-index=\"1\"><div\n\t\t\t\n\t\t\tclass=\"so-widget-sow-editor so-widget-sow-editor-base\">\n<div class=\"siteorigin-widget-tinymce textwidget\">\n\t<p style=\"text-align: center;\"><strong>Willkommen in der Welt von NECTAR &amp; PULSE!\u00a0<\/strong><\/p>\n<p style=\"text-align: center;\"><span style=\"color: #ffffff;\">------<\/span><br \/>\nNECTAR &amp; PULSE wurde 2010 von <a href=\"https:\/\/nectarandpulse.com\/team\/\" target=\"_blank\" rel=\"noopener\">Tanja Roos<\/a> als 1. pers\u00f6nlicher Reisef\u00fchrer gegr\u00fcndet uns ist zu dem gewachsen, was es heute ist: ein Unternehmen, dass die Lebenslust und den weltweiten Genuss zelebriert! F\u00fchl dich willkommen, wo immer du hingehst. Wir versorgen dich mit ausgew\u00e4hlten Lieblingstipps von Locals und den besten Adressen von Hotels, Restaurants, Caf\u00e9s bis hin zu versteckten Str\u00e4nden und unvergesslichen Wanderungen. Wir wollen deine Reiselust stillen: mit <a href=\"http:\/\/nectarandpulse.com\/guides\/\" target=\"_blank\" rel=\"noopener\">Local Soulmates<\/a>, <a href=\"http:\/\/nectarandpulse.com\/hotels\/\" target=\"_blank\" rel=\"noopener\">Hotels mit Seele<\/a>, und unseren <a href=\"https:\/\/nectarandpulse.com\/de\/10-mal-glucklich-reisefuhrer\/\" target=\"_blank\" rel=\"noopener\">GL\u00dcCKLICH IN ... Reisef\u00fchrern<\/a>, die wir mit der S\u00fcddeutschen Zeitung herausgeben. Wir wissen, deine Zeit ist kostbar und helfen dir das Beste aus deiner (Lebens-)Reise herauszuholen. Von Herzen: Bon Voyage!<\/p>\n<\/div>\n<\/div><\/div><\/div><\/div><div id=\"pg-102452-1\"  class=\"panel-grid panel-no-style\"><div id=\"pgc-102452-1-0\"  class=\"panel-grid-cell\"><div id=\"panel-102452-1-0-0\" class=\"so-panel widget widget_sow-headline panel-first-child\" data-index=\"2\"><div class=\"panel-widget-style panel-widget-style-for-102452-1-0-0\"><div\n\t\t\t\n\t\t\tclass=\"so-widget-sow-headline so-widget-sow-headline-default-6b52635ceda7-102452\"><div class=\"sow-headline-container \">\n\t\t\t\t\t\t\t<h1 class=\"sow-headline\">\n\t\t\t\t\t\tUNSERE WERTE\t\t\t\t\t\t<\/h1>\n\t\t\t\t\t\t<\/div>\n<\/div><\/div><\/div><div id=\"panel-102452-1-0-1\" class=\"so-panel widget widget_sow-slider\" data-index=\"3\"><div\n\t\t\t\n\t\t\tclass=\"so-widget-sow-slider so-widget-sow-slider-default-6d39609536fd-102452\">\t\t\t\t<div class=\"sow-slider-base\" style=\"display: none\" tabindex=\"0\">\n\t\t\t\t\t<ul\n\t\t\t\t\tclass=\"sow-slider-images\"\n\t\t\t\t\tdata-settings=\"{&quot;pagination&quot;:true,&quot;speed&quot;:800,&quot;timeout&quot;:8000,&quot;paused&quot;:false,&quot;pause_on_hover&quot;:false,&quot;swipe&quot;:true,&quot;nav_always_show_desktop&quot;:&quot;&quot;,&quot;nav_always_show_mobile&quot;:&quot;&quot;,&quot;breakpoint&quot;:&quot;780px&quot;,&quot;unmute&quot;:false,&quot;anchor&quot;:null}\"\n\t\t\t\t\t\t\t\t\t\tdata-anchor-id=\"\">\t\t<li class=\"sow-slider-image  sow-slider-image-cover\" style=\"visibility: visible;;background-image: url(https:\/\/nectarandpulse.com\/wp-d90bc-content\/uploads\/2016\/07\/cosmo.jpg)\">\n\t\t\t\t\t\t<div class=\"sow-slider-image-container\">\n\t\t\t\t<div class=\"sow-slider-image-wrapper\" style=\"max-width: 1920px\">\n\t\t\t\t\t\t\t\t\t\t<div class=\"sow-slider-image-foreground-wrapper\">\n\t\t\t\t\t\t<img loading=\"lazy\" decoding=\"async\" width=\"1920\" height=\"1080\" src=\"https:\/\/nectarandpulse.com\/wp-d90bc-content\/uploads\/2016\/07\/cosmo.jpg\" class=\"sow-slider-foreground-image\" alt=\"\" style=\"\" srcset=\"https:\/\/nectarandpulse.com\/wp-d90bc-content\/uploads\/2016\/07\/cosmo.jpg 1920w, https:\/\/nectarandpulse.com\/wp-d90bc-content\/uploads\/2016\/07\/cosmo-300x169.jpg 300w, https:\/\/nectarandpulse.com\/wp-d90bc-content\/uploads\/2016\/07\/cosmo-768x432.jpg 768w, https:\/\/nectarandpulse.com\/wp-d90bc-content\/uploads\/2016\/07\/cosmo-1024x576.jpg 1024w\" sizes=\"(max-width: 1920px) 100vw, 1920px\" \/>\t\t\t\t\t<\/div>\n\t\t\t\t\t\t\t\t\t<\/div>\n\t\t\t<\/div>\n\t\t\t\t\t<\/li>\n\t\t\t\t<li class=\"sow-slider-image\" style=\"visibility: hidden;\">\n\t\t\t\t\t\t<div class=\"sow-slider-image-container\">\n\t\t\t\t<div class=\"sow-slider-image-wrapper\" style=\"max-width: 1920px\">\n\t\t\t\t\t\t\t\t\t\t<div class=\"sow-slider-image-foreground-wrapper\">\n\t\t\t\t\t\t<img loading=\"lazy\" decoding=\"async\" width=\"1920\" height=\"1080\" src=\"https:\/\/nectarandpulse.com\/wp-d90bc-content\/uploads\/2016\/07\/genuine3.jpg\" class=\"sow-slider-foreground-image\" alt=\"\" style=\"\" srcset=\"https:\/\/nectarandpulse.com\/wp-d90bc-content\/uploads\/2016\/07\/genuine3.jpg 1920w, https:\/\/nectarandpulse.com\/wp-d90bc-content\/uploads\/2016\/07\/genuine3-300x169.jpg 300w, https:\/\/nectarandpulse.com\/wp-d90bc-content\/uploads\/2016\/07\/genuine3-768x432.jpg 768w, https:\/\/nectarandpulse.com\/wp-d90bc-content\/uploads\/2016\/07\/genuine3-1024x576.jpg 1024w\" sizes=\"(max-width: 1920px) 100vw, 1920px\" \/>\t\t\t\t\t<\/div>\n\t\t\t\t\t\t\t\t\t<\/div>\n\t\t\t<\/div>\n\t\t\t\t\t<\/li>\n\t\t\t\t<li class=\"sow-slider-image\" style=\"visibility: hidden;\">\n\t\t\t\t\t\t<div class=\"sow-slider-image-container\">\n\t\t\t\t<div class=\"sow-slider-image-wrapper\" style=\"max-width: 1920px\">\n\t\t\t\t\t\t\t\t\t\t<div class=\"sow-slider-image-foreground-wrapper\">\n\t\t\t\t\t\t<img loading=\"lazy\" decoding=\"async\" width=\"1920\" height=\"1080\" src=\"https:\/\/nectarandpulse.com\/wp-d90bc-content\/uploads\/2016\/07\/vibrant7.jpg\" class=\"sow-slider-foreground-image\" alt=\"\" style=\"\" srcset=\"https:\/\/nectarandpulse.com\/wp-d90bc-content\/uploads\/2016\/07\/vibrant7.jpg 1920w, https:\/\/nectarandpulse.com\/wp-d90bc-content\/uploads\/2016\/07\/vibrant7-300x169.jpg 300w, https:\/\/nectarandpulse.com\/wp-d90bc-content\/uploads\/2016\/07\/vibrant7-768x432.jpg 768w, https:\/\/nectarandpulse.com\/wp-d90bc-content\/uploads\/2016\/07\/vibrant7-1024x576.jpg 1024w\" sizes=\"(max-width: 1920px) 100vw, 1920px\" \/>\t\t\t\t\t<\/div>\n\t\t\t\t\t\t\t\t\t<\/div>\n\t\t\t<\/div>\n\t\t\t\t\t<\/li>\n\t\t\t\t<li class=\"sow-slider-image\" style=\"visibility: hidden;\">\n\t\t\t\t\t\t<div class=\"sow-slider-image-container\">\n\t\t\t\t<div class=\"sow-slider-image-wrapper\" style=\"max-width: 1920px\">\n\t\t\t\t\t\t\t\t\t\t<div class=\"sow-slider-image-foreground-wrapper\">\n\t\t\t\t\t\t<img loading=\"lazy\" decoding=\"async\" width=\"1920\" height=\"1080\" src=\"https:\/\/nectarandpulse.com\/wp-d90bc-content\/uploads\/2016\/07\/creative-1.jpg\" class=\"sow-slider-foreground-image\" alt=\"\" style=\"\" srcset=\"https:\/\/nectarandpulse.com\/wp-d90bc-content\/uploads\/2016\/07\/creative-1.jpg 1920w, https:\/\/nectarandpulse.com\/wp-d90bc-content\/uploads\/2016\/07\/creative-1-300x169.jpg 300w, https:\/\/nectarandpulse.com\/wp-d90bc-content\/uploads\/2016\/07\/creative-1-768x432.jpg 768w, https:\/\/nectarandpulse.com\/wp-d90bc-content\/uploads\/2016\/07\/creative-1-1024x576.jpg 1024w\" sizes=\"(max-width: 1920px) 100vw, 1920px\" \/>\t\t\t\t\t<\/div>\n\t\t\t\t\t\t\t\t\t<\/div>\n\t\t\t<\/div>\n\t\t\t\t\t<\/li>\n\t\t\t\t<li class=\"sow-slider-image\" style=\"visibility: hidden;\">\n\t\t\t\t\t\t<div class=\"sow-slider-image-container\">\n\t\t\t\t<div class=\"sow-slider-image-wrapper\" style=\"max-width: 1920px\">\n\t\t\t\t\t\t\t\t\t\t<div class=\"sow-slider-image-foreground-wrapper\">\n\t\t\t\t\t\t<img loading=\"lazy\" decoding=\"async\" width=\"1920\" height=\"1080\" src=\"https:\/\/nectarandpulse.com\/wp-d90bc-content\/uploads\/2016\/07\/diverse5.jpg\" class=\"sow-slider-foreground-image\" alt=\"\" style=\"\" srcset=\"https:\/\/nectarandpulse.com\/wp-d90bc-content\/uploads\/2016\/07\/diverse5.jpg 1920w, https:\/\/nectarandpulse.com\/wp-d90bc-content\/uploads\/2016\/07\/diverse5-300x169.jpg 300w, https:\/\/nectarandpulse.com\/wp-d90bc-content\/uploads\/2016\/07\/diverse5-768x432.jpg 768w, https:\/\/nectarandpulse.com\/wp-d90bc-content\/uploads\/2016\/07\/diverse5-1024x576.jpg 1024w\" sizes=\"(max-width: 1920px) 100vw, 1920px\" \/>\t\t\t\t\t<\/div>\n\t\t\t\t\t\t\t\t\t<\/div>\n\t\t\t<\/div>\n\t\t\t\t\t<\/li>\n\t\t\t\t<li class=\"sow-slider-image\" style=\"visibility: hidden;\">\n\t\t\t\t\t\t<div class=\"sow-slider-image-container\">\n\t\t\t\t<div class=\"sow-slider-image-wrapper\" style=\"max-width: 1920px\">\n\t\t\t\t\t\t\t\t\t\t<div class=\"sow-slider-image-foreground-wrapper\">\n\t\t\t\t\t\t<img loading=\"lazy\" decoding=\"async\" width=\"1920\" height=\"1080\" src=\"https:\/\/nectarandpulse.com\/wp-d90bc-content\/uploads\/2016\/07\/bright3.jpg\" class=\"sow-slider-foreground-image\" alt=\"\" style=\"\" srcset=\"https:\/\/nectarandpulse.com\/wp-d90bc-content\/uploads\/2016\/07\/bright3.jpg 1920w, https:\/\/nectarandpulse.com\/wp-d90bc-content\/uploads\/2016\/07\/bright3-300x169.jpg 300w, https:\/\/nectarandpulse.com\/wp-d90bc-content\/uploads\/2016\/07\/bright3-768x432.jpg 768w, https:\/\/nectarandpulse.com\/wp-d90bc-content\/uploads\/2016\/07\/bright3-1024x576.jpg 1024w\" sizes=\"(max-width: 1920px) 100vw, 1920px\" \/>\t\t\t\t\t<\/div>\n\t\t\t\t\t\t\t\t\t<\/div>\n\t\t\t<\/div>\n\t\t\t\t\t<\/li>\n\t\t\t\t<li class=\"sow-slider-image\" style=\"visibility: hidden;\">\n\t\t\t\t\t\t<div class=\"sow-slider-image-container\">\n\t\t\t\t<div class=\"sow-slider-image-wrapper\" style=\"max-width: 1920px\">\n\t\t\t\t\t\t\t\t\t\t<div class=\"sow-slider-image-foreground-wrapper\">\n\t\t\t\t\t\t<img loading=\"lazy\" decoding=\"async\" width=\"1920\" height=\"1080\" src=\"https:\/\/nectarandpulse.com\/wp-d90bc-content\/uploads\/2016\/07\/curated.jpg\" class=\"sow-slider-foreground-image\" alt=\"\" style=\"\" srcset=\"https:\/\/nectarandpulse.com\/wp-d90bc-content\/uploads\/2016\/07\/curated.jpg 1920w, https:\/\/nectarandpulse.com\/wp-d90bc-content\/uploads\/2016\/07\/curated-300x169.jpg 300w, https:\/\/nectarandpulse.com\/wp-d90bc-content\/uploads\/2016\/07\/curated-768x432.jpg 768w, https:\/\/nectarandpulse.com\/wp-d90bc-content\/uploads\/2016\/07\/curated-1024x576.jpg 1024w\" sizes=\"(max-width: 1920px) 100vw, 1920px\" \/>\t\t\t\t\t<\/div>\n\t\t\t\t\t\t\t\t\t<\/div>\n\t\t\t<\/div>\n\t\t\t\t\t<\/li>\n\t\t\t\t<li class=\"sow-slider-image\" style=\"visibility: hidden;\">\n\t\t\t\t\t\t<div class=\"sow-slider-image-container\">\n\t\t\t\t<div class=\"sow-slider-image-wrapper\" style=\"max-width: 1920px\">\n\t\t\t\t\t\t\t\t\t\t<div class=\"sow-slider-image-foreground-wrapper\">\n\t\t\t\t\t\t<img loading=\"lazy\" decoding=\"async\" width=\"1920\" height=\"1080\" src=\"https:\/\/nectarandpulse.com\/wp-d90bc-content\/uploads\/2016\/07\/witty6.jpg\" class=\"sow-slider-foreground-image\" alt=\"\" style=\"\" srcset=\"https:\/\/nectarandpulse.com\/wp-d90bc-content\/uploads\/2016\/07\/witty6.jpg 1920w, https:\/\/nectarandpulse.com\/wp-d90bc-content\/uploads\/2016\/07\/witty6-300x169.jpg 300w, https:\/\/nectarandpulse.com\/wp-d90bc-content\/uploads\/2016\/07\/witty6-768x432.jpg 768w, https:\/\/nectarandpulse.com\/wp-d90bc-content\/uploads\/2016\/07\/witty6-1024x576.jpg 1024w\" sizes=\"(max-width: 1920px) 100vw, 1920px\" \/>\t\t\t\t\t<\/div>\n\t\t\t\t\t\t\t\t\t<\/div>\n\t\t\t<\/div>\n\t\t\t\t\t<\/li>\n\t\t\t\t<li class=\"sow-slider-image\" style=\"visibility: hidden;\">\n\t\t\t\t\t\t<div class=\"sow-slider-image-container\">\n\t\t\t\t<div class=\"sow-slider-image-wrapper\" style=\"max-width: 1920px\">\n\t\t\t\t\t\t\t\t\t\t<div class=\"sow-slider-image-foreground-wrapper\">\n\t\t\t\t\t\t<img loading=\"lazy\" decoding=\"async\" width=\"1920\" height=\"1080\" src=\"https:\/\/nectarandpulse.com\/wp-d90bc-content\/uploads\/2016\/07\/zestforlife.jpg\" class=\"sow-slider-foreground-image\" alt=\"\" style=\"\" srcset=\"https:\/\/nectarandpulse.com\/wp-d90bc-content\/uploads\/2016\/07\/zestforlife.jpg 1920w, https:\/\/nectarandpulse.com\/wp-d90bc-content\/uploads\/2016\/07\/zestforlife-300x169.jpg 300w, https:\/\/nectarandpulse.com\/wp-d90bc-content\/uploads\/2016\/07\/zestforlife-768x432.jpg 768w, https:\/\/nectarandpulse.com\/wp-d90bc-content\/uploads\/2016\/07\/zestforlife-1024x576.jpg 1024w\" sizes=\"(max-width: 1920px) 100vw, 1920px\" \/>\t\t\t\t\t<\/div>\n\t\t\t\t\t\t\t\t\t<\/div>\n\t\t\t<\/div>\n\t\t\t\t\t<\/li>\n\t\t\t\t<li class=\"sow-slider-image\" style=\"visibility: hidden;\">\n\t\t\t\t\t\t<div class=\"sow-slider-image-container\">\n\t\t\t\t<div class=\"sow-slider-image-wrapper\" style=\"max-width: 1920px\">\n\t\t\t\t\t\t\t\t\t\t<div class=\"sow-slider-image-foreground-wrapper\">\n\t\t\t\t\t\t<img loading=\"lazy\" decoding=\"async\" width=\"1920\" height=\"1080\" src=\"https:\/\/nectarandpulse.com\/wp-d90bc-content\/uploads\/2016\/07\/wanderlust.jpg\" class=\"sow-slider-foreground-image\" alt=\"\" style=\"\" srcset=\"https:\/\/nectarandpulse.com\/wp-d90bc-content\/uploads\/2016\/07\/wanderlust.jpg 1920w, https:\/\/nectarandpulse.com\/wp-d90bc-content\/uploads\/2016\/07\/wanderlust-300x169.jpg 300w, https:\/\/nectarandpulse.com\/wp-d90bc-content\/uploads\/2016\/07\/wanderlust-768x432.jpg 768w, https:\/\/nectarandpulse.com\/wp-d90bc-content\/uploads\/2016\/07\/wanderlust-1024x576.jpg 1024w\" sizes=\"(max-width: 1920px) 100vw, 1920px\" \/>\t\t\t\t\t<\/div>\n\t\t\t\t\t\t\t\t\t<\/div>\n\t\t\t<\/div>\n\t\t\t\t\t<\/li>\n\t\t\t\t<li class=\"sow-slider-image\" style=\"visibility: hidden;\">\n\t\t\t\t\t\t<div class=\"sow-slider-image-container\">\n\t\t\t\t<div class=\"sow-slider-image-wrapper\" style=\"max-width: 1920px\">\n\t\t\t\t\t\t\t\t\t\t<div class=\"sow-slider-image-foreground-wrapper\">\n\t\t\t\t\t\t<img loading=\"lazy\" decoding=\"async\" width=\"1920\" height=\"1080\" src=\"https:\/\/nectarandpulse.com\/wp-d90bc-content\/uploads\/2016\/07\/epic2.jpg\" class=\"sow-slider-foreground-image\" alt=\"\" style=\"\" srcset=\"https:\/\/nectarandpulse.com\/wp-d90bc-content\/uploads\/2016\/07\/epic2.jpg 1920w, https:\/\/nectarandpulse.com\/wp-d90bc-content\/uploads\/2016\/07\/epic2-300x169.jpg 300w, https:\/\/nectarandpulse.com\/wp-d90bc-content\/uploads\/2016\/07\/epic2-768x432.jpg 768w, https:\/\/nectarandpulse.com\/wp-d90bc-content\/uploads\/2016\/07\/epic2-1024x576.jpg 1024w\" sizes=\"(max-width: 1920px) 100vw, 1920px\" \/>\t\t\t\t\t<\/div>\n\t\t\t\t\t\t\t\t\t<\/div>\n\t\t\t<\/div>\n\t\t\t\t\t<\/li>\n\t\t<\/ul>\t\t\t\t<ol class=\"sow-slider-pagination\">\n\t\t\t\t\t\t\t\t\t\t\t<li><a href=\"#\" data-goto=\"0\" aria-label=\"Display slide 1\"><\/a><\/li>\n\t\t\t\t\t\t\t\t\t\t\t<li><a href=\"#\" data-goto=\"1\" aria-label=\"Display slide 2\"><\/a><\/li>\n\t\t\t\t\t\t\t\t\t\t\t<li><a href=\"#\" data-goto=\"2\" aria-label=\"Display slide 3\"><\/a><\/li>\n\t\t\t\t\t\t\t\t\t\t\t<li><a href=\"#\" data-goto=\"3\" aria-label=\"Display slide 4\"><\/a><\/li>\n\t\t\t\t\t\t\t\t\t\t\t<li><a href=\"#\" data-goto=\"4\" aria-label=\"Display slide 5\"><\/a><\/li>\n\t\t\t\t\t\t\t\t\t\t\t<li><a href=\"#\" data-goto=\"5\" aria-label=\"Display slide 6\"><\/a><\/li>\n\t\t\t\t\t\t\t\t\t\t\t<li><a href=\"#\" data-goto=\"6\" aria-label=\"Display slide 7\"><\/a><\/li>\n\t\t\t\t\t\t\t\t\t\t\t<li><a href=\"#\" data-goto=\"7\" aria-label=\"Display slide 8\"><\/a><\/li>\n\t\t\t\t\t\t\t\t\t\t\t<li><a href=\"#\" data-goto=\"8\" aria-label=\"Display slide 9\"><\/a><\/li>\n\t\t\t\t\t\t\t\t\t\t\t<li><a href=\"#\" data-goto=\"9\" aria-label=\"Display slide 10\"><\/a><\/li>\n\t\t\t\t\t\t\t\t\t\t\t<li><a href=\"#\" data-goto=\"10\" aria-label=\"Display slide 11\"><\/a><\/li>\n\t\t\t\t\t\t\t\t\t<\/ol>\n\n\t\t\t\t<div class=\"sow-slide-nav sow-slide-nav-next\">\n\t\t\t\t\t<a href=\"#\" data-goto=\"next\" aria-label=\"Next slide\" data-action=\"next\">\n\t\t\t\t\t\t<em class=\"sow-sld-icon-thin-right\"><\/em>\n\t\t\t\t\t<\/a>\n\t\t\t\t<\/div>\n\n\t\t\t\t<div class=\"sow-slide-nav sow-slide-nav-prev\">\n\t\t\t\t\t<a href=\"#\" data-goto=\"previous\" aria-label=\"Previous slide\" data-action=\"prev\">\n\t\t\t\t\t\t<em class=\"sow-sld-icon-thin-left\"><\/em>\n\t\t\t\t\t<\/a>\n\t\t\t\t<\/div>\n\t\t\t\t<\/div><\/div><\/div><div id=\"panel-102452-1-0-2\" class=\"so-panel widget widget_sow-editor\" data-index=\"4\"><div class=\"panel-widget-style panel-widget-style-for-102452-1-0-2\"><div\n\t\t\t\n\t\t\tclass=\"so-widget-sow-editor so-widget-sow-editor-base\">\n<div class=\"siteorigin-widget-tinymce textwidget\">\n\t<p style=\"text-align: center;\"><\/p><\/div><\/div><\/div><\/div><\/div><\/div><\/div><p> <a href=\"https:\/\/nectarandpulse.com\/de\/philosophie\/#more-102452\" class=\"more-link\">Weiterlesen<\/a><\/p>","protected":false},"excerpt":{"rendered":"<p>Willkommen in der Welt von NECTAR &amp; PULSE!\u00a0 &#8212;&#8212; NECTAR &amp; PULSE wurde 2010 von Tanja Roos als 1. pers\u00f6nlicher&#8230;  <a class=\"excerpt-read-more\" href=\"https:\/\/nectarandpulse.com\/de\/philosophie\/\" title=\"Read Philosophie\">Weiter<\/a><\/p>\n","protected":false},"author":2017,"featured_media":0,"parent":0,"menu_order":1,"comment_status":"closed","ping_status":"closed","template":"","meta":{"om_disable_all_campaigns":false,"footnotes":""},"yoast_head":"<!-- This site is optimized with the Yoast SEO plugin v23.5 - https:\/\/yoast.com\/wordpress\/plugins\/seo\/ -->\n<title>Philosophie - NECTAR &amp; PULSE<\/title>\n<meta name=\"robots\" content=\"index, follow, max-snippet:-1, max-image-preview:large, max-video-preview:-1\" \/>\n<link rel=\"canonical\" href=\"https:\/\/nectarandpulse.com\/de\/philosophie\/\" \/>\n<meta property=\"og:locale\" content=\"de_DE\" \/>\n<meta property=\"og:type\" content=\"article\" \/>\n<meta property=\"og:title\" content=\"Philosophie - NECTAR &amp; PULSE\" \/>\n<meta property=\"og:description\" content=\"Willkommen in der Welt von NECTAR &amp; PULSE!\u00a0 ------ NECTAR &amp; PULSE wurde 2010 von Tanja Roos als 1. pers\u00f6nlicher... Weiter\" \/>\n<meta property=\"og:url\" content=\"https:\/\/nectarandpulse.com\/de\/philosophie\/\" \/>\n<meta property=\"og:site_name\" content=\"NECTAR &amp; PULSE\" \/>\n<meta property=\"article:publisher\" content=\"https:\/\/www.facebook.com\/nectarandpulse\/\" \/>\n<meta property=\"article:modified_time\" content=\"2021-01-20T11:17:58+00:00\" \/>\n<meta name=\"twitter:card\" content=\"summary_large_image\" \/>\n<meta name=\"twitter:site\" content=\"@nectarandpulse\" \/>\n<meta name=\"twitter:label1\" content=\"Gesch\u00e4tzte Lesezeit\" \/>\n\t<meta name=\"twitter:data1\" content=\"3\u00a0Minuten\" \/>\n<script type=\"application\/ld+json\" class=\"yoast-schema-graph\">{\"@context\":\"https:\/\/schema.org\",\"@graph\":[{\"@type\":\"WebPage\",\"@id\":\"https:\/\/nectarandpulse.com\/de\/philosophie\/\",\"url\":\"https:\/\/nectarandpulse.com\/de\/philosophie\/\",\"name\":\"Philosophie - NECTAR &amp; PULSE\",\"isPartOf\":{\"@id\":\"https:\/\/nectarandpulse.com\/de\/#website\"},\"datePublished\":\"2016-07-19T14:15:48+00:00\",\"dateModified\":\"2021-01-20T11:17:58+00:00\",\"breadcrumb\":{\"@id\":\"https:\/\/nectarandpulse.com\/de\/philosophie\/#breadcrumb\"},\"inLanguage\":\"de\",\"potentialAction\":[{\"@type\":\"ReadAction\",\"target\":[\"https:\/\/nectarandpulse.com\/de\/philosophie\/\"]}]},{\"@type\":\"BreadcrumbList\",\"@id\":\"https:\/\/nectarandpulse.com\/de\/philosophie\/#breadcrumb\",\"itemListElement\":[{\"@type\":\"ListItem\",\"position\":1,\"name\":\"Home\",\"item\":\"https:\/\/nectarandpulse.com\/de\/\"},{\"@type\":\"ListItem\",\"position\":2,\"name\":\"Philosophie\"}]},{\"@type\":\"WebSite\",\"@id\":\"https:\/\/nectarandpulse.com\/de\/#website\",\"url\":\"https:\/\/nectarandpulse.com\/de\/\",\"name\":\"NECTAR &amp; PULSE\",\"description\":\"Your local soulmates\",\"potentialAction\":[{\"@type\":\"SearchAction\",\"target\":{\"@type\":\"EntryPoint\",\"urlTemplate\":\"https:\/\/nectarandpulse.com\/de\/?s={search_term_string}\"},\"query-input\":{\"@type\":\"PropertyValueSpecification\",\"valueRequired\":true,\"valueName\":\"search_term_string\"}}],\"inLanguage\":\"de\"}]}<\/script>\n<!-- \/ Yoast SEO plugin. -->","yoast_head_json":{"title":"Philosophie - NECTAR &amp; PULSE","robots":{"index":"index","follow":"follow","max-snippet":"max-snippet:-1","max-image-preview":"max-image-preview:large","max-video-preview":"max-video-preview:-1"},"canonical":"https:\/\/nectarandpulse.com\/de\/philosophie\/","og_locale":"de_DE","og_type":"article","og_title":"Philosophie - NECTAR &amp; PULSE","og_description":"Willkommen in der Welt von NECTAR &amp; PULSE!\u00a0 ------ NECTAR &amp; PULSE wurde 2010 von Tanja Roos als 1. pers\u00f6nlicher... Weiter","og_url":"https:\/\/nectarandpulse.com\/de\/philosophie\/","og_site_name":"NECTAR &amp; PULSE","article_publisher":"https:\/\/www.facebook.com\/nectarandpulse\/","article_modified_time":"2021-01-20T11:17:58+00:00","twitter_card":"summary_large_image","twitter_site":"@nectarandpulse","twitter_misc":{"Gesch\u00e4tzte Lesezeit":"3\u00a0Minuten"},"schema":{"@context":"https:\/\/schema.org","@graph":[{"@type":"WebPage","@id":"https:\/\/nectarandpulse.com\/de\/philosophie\/","url":"https:\/\/nectarandpulse.com\/de\/philosophie\/","name":"Philosophie - NECTAR &amp; PULSE","isPartOf":{"@id":"https:\/\/nectarandpulse.com\/de\/#website"},"datePublished":"2016-07-19T14:15:48+00:00","dateModified":"2021-01-20T11:17:58+00:00","breadcrumb":{"@id":"https:\/\/nectarandpulse.com\/de\/philosophie\/#breadcrumb"},"inLanguage":"de","potentialAction":[{"@type":"ReadAction","target":["https:\/\/nectarandpulse.com\/de\/philosophie\/"]}]},{"@type":"BreadcrumbList","@id":"https:\/\/nectarandpulse.com\/de\/philosophie\/#breadcrumb","itemListElement":[{"@type":"ListItem","position":1,"name":"Home","item":"https:\/\/nectarandpulse.com\/de\/"},{"@type":"ListItem","position":2,"name":"Philosophie"}]},{"@type":"WebSite","@id":"https:\/\/nectarandpulse.com\/de\/#website","url":"https:\/\/nectarandpulse.com\/de\/","name":"NECTAR &amp; PULSE","description":"Your local soulmates","potentialAction":[{"@type":"SearchAction","target":{"@type":"EntryPoint","urlTemplate":"https:\/\/nectarandpulse.com\/de\/?s={search_term_string}"},"query-input":{"@type":"PropertyValueSpecification","valueRequired":true,"valueName":"search_term_string"}}],"inLanguage":"de"}]}},"_links":{"self":[{"href":"https:\/\/nectarandpulse.com\/de\/wp-json\/wp\/v2\/pages\/102452"}],"collection":[{"href":"https:\/\/nectarandpulse.com\/de\/wp-json\/wp\/v2\/pages"}],"about":[{"href":"https:\/\/nectarandpulse.com\/de\/wp-json\/wp\/v2\/types\/page"}],"author":[{"embeddable":true,"href":"https:\/\/nectarandpulse.com\/de\/wp-json\/wp\/v2\/users\/2017"}],"replies":[{"embeddable":true,"href":"https:\/\/nectarandpulse.com\/de\/wp-json\/wp\/v2\/comments?post=102452"}],"version-history":[{"count":8,"href":"https:\/\/nectarandpulse.com\/de\/wp-json\/wp\/v2\/pages\/102452\/revisions"}],"predecessor-version":[{"id":115369,"href":"https:\/\/nectarandpulse.com\/de\/wp-json\/wp\/v2\/pages\/102452\/revisions\/115369"}],"wp:attachment":[{"href":"https:\/\/nectarandpulse.com\/de\/wp-json\/wp\/v2\/media?parent=102452"}],"curies":[{"name":"wp","href":"https:\/\/api.w.org\/{rel}","templated":true}]}}