{"id":102449,"date":"2016-05-02T09:52:11","date_gmt":"2016-05-02T07:52:11","guid":{"rendered":"https:\/\/nectarandpulse.com\/team\/"},"modified":"2021-01-20T12:21:01","modified_gmt":"2021-01-20T11:21:01","slug":"team","status":"publish","type":"page","link":"https:\/\/nectarandpulse.com\/de\/team\/","title":{"rendered":"Team"},"content":{"rendered":"<div id=\"pl-102449\"  class=\"panel-layout\" ><div id=\"pg-102449-0\"  class=\"panel-grid panel-no-style\" ><div id=\"pgc-102449-0-0\"  class=\"panel-grid-cell\" ><div id=\"panel-102449-0-0-0\" class=\"so-panel widget widget_sow-image panel-first-child\" data-index=\"0\" ><div\n\t\t\t\n\t\t\tclass=\"so-widget-sow-image so-widget-sow-image-default-8b5b6f678277-102449\"\n\t\t\t\n\t\t>\n\n<div class=\"sow-image-container\" style=\"position: relative;\">\n            <img loading=\"lazy\" decoding=\"async\" src=\"https:\/\/nectarandpulse.com\/wp-d90bc-content\/uploads\/2016\/05\/tanja3-1.jpg\" width=\"817\" height=\"1020\" srcset=\"https:\/\/nectarandpulse.com\/wp-d90bc-content\/uploads\/2016\/05\/tanja3-1.jpg 817w, https:\/\/nectarandpulse.com\/wp-d90bc-content\/uploads\/2016\/05\/tanja3-1-240x300.jpg 240w, https:\/\/nectarandpulse.com\/wp-d90bc-content\/uploads\/2016\/05\/tanja3-1-768x959.jpg 768w, https:\/\/nectarandpulse.com\/wp-d90bc-content\/uploads\/2016\/05\/tanja3-1-400x500.jpg 400w\" sizes=\"(max-width: 817px) 100vw, 817px\" title=\"tanja3\"  class=\"so-widget-image\"\/>\n        \n    <\/div>\n\n<\/div><\/div><div id=\"panel-102449-0-0-1\" class=\"so-panel widget widget_sow-editor panel-last-child\" data-index=\"1\" ><div class=\"panel-widget-style panel-widget-style-for-102449-0-0-1\" ><div\n\t\t\t\n\t\t\tclass=\"so-widget-sow-editor so-widget-sow-editor-base\"\n\t\t\t\n\t\t><h3 class=\"widget-title\">TANJA ROOS, M.A.<\/h3>\n<div class=\"siteorigin-widget-tinymce textwidget\">\n\t<h4 style=\"text-align: center;\">Gr\u00fcnderin<\/h4>\n<\/div>\n<\/div><\/div><\/div><\/div><div id=\"pgc-102449-0-1\"  class=\"panel-grid-cell\" ><div id=\"panel-102449-0-1-0\" class=\"so-panel widget widget_sow-image panel-first-child\" data-index=\"2\" ><div\n\t\t\t\n\t\t\tclass=\"so-widget-sow-image so-widget-sow-image-default-8b5b6f678277-102449\"\n\t\t\t\n\t\t>\n\n<div class=\"sow-image-container\" style=\"position: relative;\">\n            <img loading=\"lazy\" decoding=\"async\" src=\"https:\/\/nectarandpulse.com\/wp-d90bc-content\/uploads\/2016\/05\/chrisc.jpg\" width=\"817\" height=\"1020\" srcset=\"https:\/\/nectarandpulse.com\/wp-d90bc-content\/uploads\/2016\/05\/chrisc.jpg 817w, https:\/\/nectarandpulse.com\/wp-d90bc-content\/uploads\/2016\/05\/chrisc-240x300.jpg 240w, https:\/\/nectarandpulse.com\/wp-d90bc-content\/uploads\/2016\/05\/chrisc-768x959.jpg 768w, https:\/\/nectarandpulse.com\/wp-d90bc-content\/uploads\/2016\/05\/chrisc-400x500.jpg 400w\" sizes=\"(max-width: 817px) 100vw, 817px\"  class=\"so-widget-image\"\/>\n        \n    <\/div>\n\n<\/div><\/div><div id=\"panel-102449-0-1-1\" class=\"so-panel widget widget_sow-editor panel-last-child\" data-index=\"3\" ><div class=\"panel-widget-style panel-widget-style-for-102449-0-1-1\" ><div\n\t\t\t\n\t\t\tclass=\"so-widget-sow-editor so-widget-sow-editor-base\"\n\t\t\t\n\t\t><h3 class=\"widget-title\">Dr. CHRISTIAN ROOS<\/h3>\n<div class=\"siteorigin-widget-tinymce textwidget\">\n\t<h4 style=\"text-align: center;\">Gesch\u00e4ftsf\u00fchrer<\/h4><\/div>\n<\/div><\/div><\/div><\/div><\/div><div id=\"pg-102449-1\"  class=\"panel-grid panel-no-style\" ><div id=\"pgc-102449-1-0\"  class=\"panel-grid-cell\" ><div id=\"panel-102449-1-0-0\" class=\"so-panel widget widget_sow-editor panel-first-child panel-last-child\" data-index=\"4\" ><div class=\"panel-widget-style panel-widget-style-for-102449-1-0-0\" ><div\n\t\t\t\n\t\t\tclass=\"so-widget-sow-editor so-widget-sow-editor-base\"\n\t\t\t\n\t\t>\n<div class=\"siteorigin-widget-tinymce textwidget\">\n\t<blockquote>\n<h2 style=\"text-align: center;\">\"WIR LIEBEN ES ZU REISEN UND UNSERE LIEBLINGSORTE MIT DIR ZU TEILEN.\"<\/h2>\n<\/blockquote>\n<\/div>\n<\/div><\/div><\/div><\/div><\/div><div id=\"pg-102449-2\"  class=\"panel-grid panel-no-style\" ><div id=\"pgc-102449-2-0\"  class=\"panel-grid-cell\" ><div id=\"panel-102449-2-0-0\" class=\"so-panel widget widget_sow-editor panel-first-child panel-last-child\" data-index=\"5\" ><div class=\"panel-widget-style panel-widget-style-for-102449-2-0-0\" ><div\n\t\t\t\n\t\t\tclass=\"so-widget-sow-editor so-widget-sow-editor-base\"\n\t\t\t\n\t\t>\n<div class=\"siteorigin-widget-tinymce textwidget\">\n\t<p style=\"text-align: center;\"><strong>Tanja\u00a0<\/strong><span class=\"s1\">ist die Vision\u00e4rin bei NECTAR &amp; PULSE. Sie ist neugierig, inspiriert und immer auf der Suche nach dem neuesten Nektar, den sie <a href=\"https:\/\/nectarandpulse.com\/de\/guides\/\" target=\"_blank\" rel=\"noopener\">hier<\/a> und in den <a href=\"https:\/\/nectarandpulse.com\/de\/10-mal-glucklich-reisefuhrer\/\" target=\"_blank\" rel=\"noopener\">Gl\u00fccklich in ... Reisef\u00fchrern<\/a> mit der Welt teilt. Als Halb-\u00d6sterreicherin und Halb-Schwedin, kennt Tanja von Geburt an die Faszination f\u00fcr unterschiedliche Kulturen und die Liebe zum Reisen. Der <a href=\"https:\/\/www.ohhhmhhh.de\/wie-ueberlebt-man-den-tod-der-eltern\/\" target=\"_blank\" rel=\"noopener\">fr\u00fche Tod ihrer Eltern<\/a> l\u00e4sst sie das Leben umso mehr genie\u00dfen, in dem Wissen, das es unberechenbar und endlich ist. Sie ist in Altenmarkt\/Zauchensee im sch\u00f6nen Salzburger Land aufgewachsen und hat in Salzburg, Hamburg, London, New York, Stockholm, M\u00fcnchen und Berlin gelebt und ihren Master in <a href=\"https:\/\/www.fh-salzburg.ac.at\/studium\/dmk\/design-produktmanagement-master\" target=\"_blank\" rel=\"noopener\">Design- und Produktmanagement<\/a> absolviert. Ihre berufliche Expertise erlangte sie in Agenturen, Architekturb\u00fcros, w\u00e4hrend ihrer Start-Up Zeit in Stockholm und durch zahlreiche <a href=\"https:\/\/nectarandpulse.com\/de\/ueber\/nectar-pulse-agentur\/\" target=\"_blank\" rel=\"noopener\">Agentur-Projekte<\/a> f\u00fcr Firmen wie Kuoni, BMW, Red Bull, Monocle und internationale Hotels. Zusammen mit ihrem Ehemann Chris und ihren 3 Kindern Jonathan, Victor und Ragnar (7, 5, und 2) <a href=\"https:\/\/www.ohhhmhhh.de\/wie-macht-man-eine-weltreise-mit-zwei-kleinen-kindern-und-ist-das-nicht-sauteuer-reiseexpertin-tanja-roos-verraet-ihre-tricks\/\" target=\"_blank\" rel=\"noopener\">bereisen sie die Welt<\/a> und ihr aktuelles Zuhause Berlin. Was sie tut, liebt sie voll und ganz: ihre Familie und Freunde, ihr Unternehmen, Reisen, <a href=\"https:\/\/nectarandpulse.com\/de\/hotels\/\" target=\"_blank\" rel=\"noopener\">Hotels<\/a>, Kunst, Philosophie, Spiritualit\u00e4t, Sport, gutes Essen und das Sch\u00f6ne im Leben. Sie ist diejenige, die immer wieder f\u00fcr geheime Lieblingstipps angerufen wird. <\/span><span class=\"s1\">Folge ihrer Reise gerne auf <a href=\"https:\/\/www.instagram.com\/the.rooses\/\" target=\"_blank\" rel=\"noopener\">Instagram<\/a>.<\/span><\/p>\n<p style=\"text-align: center;\"><a href=\"mailto:tanja@nectarandpulse.com\">tanja@nectarandpulse.com<\/a><\/p>\n<\/div>\n<\/div><\/div><\/div><\/div><div id=\"pgc-102449-2-1\"  class=\"panel-grid-cell\" ><div id=\"panel-102449-2-1-0\" class=\"so-panel widget widget_sow-editor panel-first-child panel-last-child\" data-index=\"6\" ><div class=\"panel-widget-style panel-widget-style-for-102449-2-1-0\" ><div\n\t\t\t\n\t\t\tclass=\"so-widget-sow-editor so-widget-sow-editor-base\"\n\t\t\t\n\t\t>\n<div class=\"siteorigin-widget-tinymce textwidget\">\n\t<p style=\"text-align: center;\"><strong>Chris\u00a0<\/strong><span class=\"s1\">vereint einen analytischen Geist mit der kreativen Seele eines K\u00fcnstlers. Er liebt die M\u00f6glichkeit sich neu zu erfinden und andere Menschen f\u00fcr ein genussvolles Leben zu inspirieren. Sein Erfindungsreichtum und hohes Commitment dr\u00fccken sich auch in seinem Doktortitel der Ingenieurswissenschaften aus. Vor NECTAR &amp; PULSE arbeitete er in einem Automobilkonzern im Bereich Technologieinnovation. Er teilt Tanjas Begeisterung besondere Orte zu finden und die Vision das Reisen als pers\u00f6nliche Transformation zu verstehen. Bevor er Tanja 2011 in M\u00fcnchen kennen lernte und sich Hals \u00fcber Kopf verliebte, reiste er bereits auf \u00e4hnlichen Spuren und wohnte in Hamburg, Stockholm und Osaka, Japan. Als Ingenieur ist er ein Fan davon, die Dinge zum Funktionieren und in ihre nat\u00fcrliche Ordnung zu bringen. Gleichzeitig ist er \u00c4sthet und hat eine Passion f\u00fcr Fotografie, Philosophie und Text. Er liebt Menschen und diese mit seiner Coaching-T\u00e4tigkeit in der Erschaffung von gl\u00fccklichen, erfolgreichen Beziehungen zu unterst\u00fctzen. Vor allem anderen ist er begeisterter Papa von seinen drei S\u00f6hnen Jonathan, Victor und Ragnar und lebt sein Papa-Dasein t\u00e4glich voll und ganz aus. Wenn er nicht im B\u00fcro ist (meistens ;), findest du ihn gemeinsam mit seiner Familie auf Entdeckungstour, beim Kochen, Surfen, Basketball spielen, Kickboxen, Marathon laufen oder Jivamukti Yoga. Sein lautes Lachen h\u00f6rst du von weiter Ferne. <\/span><span class=\"s1\">Folge seiner Reise auch auf <a href=\"https:\/\/www.instagram.com\/the.rooses\/\" target=\"_blank\" rel=\"noopener\">Instagram<\/a>.<\/span><\/p>\n<p style=\"text-align: center;\"><a href=\"mailto:chris@nectarandpulse.com\">chris@nectarandpulse.com<\/a><\/p>\n<\/div>\n<\/div><\/div><\/div><\/div><\/div><div id=\"pg-102449-3\"  class=\"panel-grid panel-no-style\" ><div id=\"pgc-102449-3-0\"  class=\"panel-grid-cell\" ><div id=\"panel-102449-3-0-0\" class=\"so-panel widget widget_sow-editor panel-first-child panel-last-child\" data-index=\"7\" ><div class=\"panel-widget-style panel-widget-style-for-102449-3-0-0\" ><div\n\t\t\t\n\t\t\tclass=\"so-widget-sow-editor so-widget-sow-editor-base\"\n\t\t\t\n\t\t>\n<div class=\"siteorigin-widget-tinymce textwidget\">\n\t<p style=\"text-align: center;\">Wir arbeiten mit einem Netzwerk aus Reisejournalisten*innen, Fotografen*innen, Blogger*innen, Filmemacher*innen, Designer*innen, Texter*innen, ... und sind stets auf der Suche nach neuen talentierten und inspirierten Menschen. Sowohl in Berlin wie international. Falls du gemeinsam spannende Projekte realisieren und unser Netzwerk erweitern m\u00f6chtest, melde dich gerne: <a href=\"mailto:hello@nectarandpulse.com\">hello@nectarandpulse.com<\/a><\/p>\n<p style=\"text-align: center;\">Wir freuen uns DICH zu treffen!<\/p>\n<\/div>\n<\/div><\/div><\/div><\/div><\/div><div id=\"pg-102449-4\"  class=\"panel-grid panel-no-style\" ><div id=\"pgc-102449-4-0\"  class=\"panel-grid-cell\" ><div id=\"panel-102449-4-0-0\" class=\"so-panel widget widget_sow-image panel-first-child\" data-index=\"8\" ><div\n\t\t\t\n\t\t\tclass=\"so-widget-sow-image so-widget-sow-image-default-8b5b6f678277-102449\"\n\t\t\t\n\t\t>\n\n<div class=\"sow-image-container\" style=\"position: relative;\">\n            <img loading=\"lazy\" decoding=\"async\" src=\"https:\/\/nectarandpulse.com\/wp-d90bc-content\/uploads\/HOTELS\/2017-04-Miramonti\/miramonti-boutique-hotel-sued-tirol-nectarandpulse-view-21.jpg\" width=\"2000\" height=\"1333\" srcset=\"https:\/\/nectarandpulse.com\/wp-d90bc-content\/uploads\/HOTELS\/2017-04-Miramonti\/miramonti-boutique-hotel-sued-tirol-nectarandpulse-view-21.jpg 2000w, https:\/\/nectarandpulse.com\/wp-d90bc-content\/uploads\/HOTELS\/2017-04-Miramonti\/miramonti-boutique-hotel-sued-tirol-nectarandpulse-view-21-300x200.jpg 300w, https:\/\/nectarandpulse.com\/wp-d90bc-content\/uploads\/HOTELS\/2017-04-Miramonti\/miramonti-boutique-hotel-sued-tirol-nectarandpulse-view-21-768x512.jpg 768w, https:\/\/nectarandpulse.com\/wp-d90bc-content\/uploads\/HOTELS\/2017-04-Miramonti\/miramonti-boutique-hotel-sued-tirol-nectarandpulse-view-21-1024x682.jpg 1024w, https:\/\/nectarandpulse.com\/wp-d90bc-content\/uploads\/HOTELS\/2017-04-Miramonti\/miramonti-boutique-hotel-sued-tirol-nectarandpulse-view-21-272x182.jpg 272w\" sizes=\"(max-width: 2000px) 100vw, 2000px\" title=\"Gemeinsam die gleiche Vision zu verfolgen, ist unser gr\u00f6\u00dftes Geschenk. \"  class=\"so-widget-image\"\/>\n        \n    <\/div>\n\n    <h3 class=\"widget-title\">    <h2 class=\"sow-image-container--title\"> Gemeinsam die gleiche Vision zu verfolgen, ist unser gr\u00f6\u00dftes Geschenk. <\/h2>    <\/h3><\/div><\/div><div id=\"panel-102449-4-0-1\" class=\"so-panel widget widget_sow-image\" data-index=\"9\" ><div\n\t\t\t\n\t\t\tclass=\"so-widget-sow-image so-widget-sow-image-default-8b5b6f678277-102449\"\n\t\t\t\n\t\t>\n\n<div class=\"sow-image-container\" style=\"position: relative;\">\n            <img loading=\"lazy\" decoding=\"async\" src=\"https:\/\/nectarandpulse.com\/wp-d90bc-content\/uploads\/2021\/01\/therooses-weltreise-bali-121-1.jpg\" width=\"3000\" height=\"2000\" srcset=\"https:\/\/nectarandpulse.com\/wp-d90bc-content\/uploads\/2021\/01\/therooses-weltreise-bali-121-1.jpg 3000w, https:\/\/nectarandpulse.com\/wp-d90bc-content\/uploads\/2021\/01\/therooses-weltreise-bali-121-1-300x200.jpg 300w, https:\/\/nectarandpulse.com\/wp-d90bc-content\/uploads\/2021\/01\/therooses-weltreise-bali-121-1-768x512.jpg 768w, https:\/\/nectarandpulse.com\/wp-d90bc-content\/uploads\/2021\/01\/therooses-weltreise-bali-121-1-1024x683.jpg 1024w, https:\/\/nectarandpulse.com\/wp-d90bc-content\/uploads\/2021\/01\/therooses-weltreise-bali-121-1-272x182.jpg 272w\" sizes=\"(max-width: 3000px) 100vw, 3000px\" title=\"Unseren Kindern diese wundersch\u00f6ne Welt zu zeigen, erf\u00fcllt uns mit Freude!\"  class=\"so-widget-image\"\/>\n        \n    <\/div>\n\n    <h3 class=\"widget-title\">    <h2 class=\"sow-image-container--title\"> Unseren Kindern diese wundersch\u00f6ne Welt zu zeigen, erf\u00fcllt uns mit Freude!<\/h2>    <\/h3><\/div><\/div><div id=\"panel-102449-4-0-2\" class=\"so-panel widget widget_sow-image panel-last-child\" data-index=\"10\" ><div\n\t\t\t\n\t\t\tclass=\"so-widget-sow-image so-widget-sow-image-default-8b5b6f678277-102449\"\n\t\t\t\n\t\t>\n\n<div class=\"sow-image-container\" style=\"position: relative;\">\n            <img loading=\"lazy\" decoding=\"async\" src=\"https:\/\/nectarandpulse.com\/wp-d90bc-content\/uploads\/2021\/01\/nectarandpulse-ourjunglehouse-thailand-5179-Kopie.jpg\" width=\"1883\" height=\"1412\" srcset=\"https:\/\/nectarandpulse.com\/wp-d90bc-content\/uploads\/2021\/01\/nectarandpulse-ourjunglehouse-thailand-5179-Kopie.jpg 1883w, https:\/\/nectarandpulse.com\/wp-d90bc-content\/uploads\/2021\/01\/nectarandpulse-ourjunglehouse-thailand-5179-Kopie-300x225.jpg 300w, https:\/\/nectarandpulse.com\/wp-d90bc-content\/uploads\/2021\/01\/nectarandpulse-ourjunglehouse-thailand-5179-Kopie-768x576.jpg 768w, https:\/\/nectarandpulse.com\/wp-d90bc-content\/uploads\/2021\/01\/nectarandpulse-ourjunglehouse-thailand-5179-Kopie-1024x768.jpg 1024w\" sizes=\"(max-width: 1883px) 100vw, 1883px\" title=\"Jeden Tag dankbar, unseren gr\u00f6\u00dften Traum zu leben. Sch\u00f6n, dass du da bist. \"  class=\"so-widget-image\"\/>\n        \n    <\/div>\n\n    <h3 class=\"widget-title\">    <h2 class=\"sow-image-container--title\"> Jeden Tag dankbar, unseren gr\u00f6\u00dften Traum zu leben. Sch\u00f6n, dass du da bist. <\/h2>    <\/h3><\/div><\/div><\/div><\/div><div id=\"pg-102449-5\"  class=\"panel-grid panel-has-style\" ><div class=\"panel-row-style panel-row-style-for-102449-5\" ><div id=\"pgc-102449-5-0\"  class=\"panel-grid-cell\" ><div id=\"panel-102449-5-0-0\" class=\"so-panel widget widget_sow-editor panel-first-child panel-last-child\" data-index=\"11\" ><div\n\t\t\t\n\t\t\tclass=\"so-widget-sow-editor so-widget-sow-editor-base\"\n\t\t\t\n\t\t>\n<div class=\"siteorigin-widget-tinymce textwidget\">\n\t<p style=\"text-align: center;\"><span style=\"color: #0000ff;\"><strong><em>\"It doesn\u2019t interest me what you do for a living. I want to know what you ache for \u2014 and if you dare to dream of meeting your heart\u2019s longing. It doesn\u2019t interest me how old you are. I want to know if you will risk looking like a fool \u2014 for love \u2014 for your dreams \u2014 for the adventure of being alive.\"<\/em><\/strong><\/span><\/p>\n<p style=\"text-align: center;\"><span style=\"color: #808080;\">\u2014 Oriah Mountain Dreamer<\/span><\/p>\n<\/div>\n<\/div><\/div><\/div><\/div><\/div><\/div>","protected":false},"excerpt":{"rendered":"<p>Gr\u00fcnderin Gesch\u00e4ftsf\u00fchrer &#8222;WIR LIEBEN ES ZU REISEN UND UNSERE LIEBLINGSORTE MIT DIR ZU TEILEN.&#8220;<\/p>\n","protected":false},"author":2017,"featured_media":0,"parent":0,"menu_order":0,"comment_status":"closed","ping_status":"closed","template":"","meta":{"om_disable_all_campaigns":false,"footnotes":""},"yoast_head":"<!-- This site is optimized with the Yoast SEO plugin v23.5 - https:\/\/yoast.com\/wordpress\/plugins\/seo\/ -->\n<title>Team - NECTAR &amp; PULSE<\/title>\n<meta name=\"robots\" content=\"index, follow, max-snippet:-1, max-image-preview:large, max-video-preview:-1\" \/>\n<link rel=\"canonical\" href=\"https:\/\/nectarandpulse.com\/de\/team\/\" \/>\n<meta property=\"og:locale\" content=\"de_DE\" \/>\n<meta property=\"og:type\" content=\"article\" \/>\n<meta property=\"og:title\" content=\"Team - NECTAR &amp; PULSE\" \/>\n<meta property=\"og:description\" content=\"Gr\u00fcnderin Gesch\u00e4ftsf\u00fchrer &quot;WIR LIEBEN ES ZU REISEN UND UNSERE LIEBLINGSORTE MIT DIR ZU TEILEN.&quot;\" \/>\n<meta property=\"og:url\" content=\"https:\/\/nectarandpulse.com\/de\/team\/\" \/>\n<meta property=\"og:site_name\" content=\"NECTAR &amp; PULSE\" \/>\n<meta property=\"article:publisher\" content=\"https:\/\/www.facebook.com\/nectarandpulse\/\" \/>\n<meta property=\"article:modified_time\" content=\"2021-01-20T11:21:01+00:00\" \/>\n<meta name=\"twitter:card\" content=\"summary_large_image\" \/>\n<meta name=\"twitter:site\" content=\"@nectarandpulse\" \/>\n<meta name=\"twitter:label1\" content=\"Gesch\u00e4tzte Lesezeit\" \/>\n\t<meta name=\"twitter:data1\" content=\"3\u00a0Minuten\" \/>\n<script type=\"application\/ld+json\" class=\"yoast-schema-graph\">{\"@context\":\"https:\/\/schema.org\",\"@graph\":[{\"@type\":\"WebPage\",\"@id\":\"https:\/\/nectarandpulse.com\/de\/team\/\",\"url\":\"https:\/\/nectarandpulse.com\/de\/team\/\",\"name\":\"Team - NECTAR &amp; PULSE\",\"isPartOf\":{\"@id\":\"https:\/\/nectarandpulse.com\/de\/#website\"},\"datePublished\":\"2016-05-02T07:52:11+00:00\",\"dateModified\":\"2021-01-20T11:21:01+00:00\",\"breadcrumb\":{\"@id\":\"https:\/\/nectarandpulse.com\/de\/team\/#breadcrumb\"},\"inLanguage\":\"de\",\"potentialAction\":[{\"@type\":\"ReadAction\",\"target\":[\"https:\/\/nectarandpulse.com\/de\/team\/\"]}]},{\"@type\":\"BreadcrumbList\",\"@id\":\"https:\/\/nectarandpulse.com\/de\/team\/#breadcrumb\",\"itemListElement\":[{\"@type\":\"ListItem\",\"position\":1,\"name\":\"Home\",\"item\":\"https:\/\/nectarandpulse.com\/de\/\"},{\"@type\":\"ListItem\",\"position\":2,\"name\":\"Team\"}]},{\"@type\":\"WebSite\",\"@id\":\"https:\/\/nectarandpulse.com\/de\/#website\",\"url\":\"https:\/\/nectarandpulse.com\/de\/\",\"name\":\"NECTAR &amp; PULSE\",\"description\":\"Your local soulmates\",\"potentialAction\":[{\"@type\":\"SearchAction\",\"target\":{\"@type\":\"EntryPoint\",\"urlTemplate\":\"https:\/\/nectarandpulse.com\/de\/?s={search_term_string}\"},\"query-input\":{\"@type\":\"PropertyValueSpecification\",\"valueRequired\":true,\"valueName\":\"search_term_string\"}}],\"inLanguage\":\"de\"}]}<\/script>\n<!-- \/ Yoast SEO plugin. -->","yoast_head_json":{"title":"Team - NECTAR &amp; PULSE","robots":{"index":"index","follow":"follow","max-snippet":"max-snippet:-1","max-image-preview":"max-image-preview:large","max-video-preview":"max-video-preview:-1"},"canonical":"https:\/\/nectarandpulse.com\/de\/team\/","og_locale":"de_DE","og_type":"article","og_title":"Team - NECTAR &amp; PULSE","og_description":"Gr\u00fcnderin Gesch\u00e4ftsf\u00fchrer \"WIR LIEBEN ES ZU REISEN UND UNSERE LIEBLINGSORTE MIT DIR ZU TEILEN.\"","og_url":"https:\/\/nectarandpulse.com\/de\/team\/","og_site_name":"NECTAR &amp; PULSE","article_publisher":"https:\/\/www.facebook.com\/nectarandpulse\/","article_modified_time":"2021-01-20T11:21:01+00:00","twitter_card":"summary_large_image","twitter_site":"@nectarandpulse","twitter_misc":{"Gesch\u00e4tzte Lesezeit":"3\u00a0Minuten"},"schema":{"@context":"https:\/\/schema.org","@graph":[{"@type":"WebPage","@id":"https:\/\/nectarandpulse.com\/de\/team\/","url":"https:\/\/nectarandpulse.com\/de\/team\/","name":"Team - NECTAR &amp; PULSE","isPartOf":{"@id":"https:\/\/nectarandpulse.com\/de\/#website"},"datePublished":"2016-05-02T07:52:11+00:00","dateModified":"2021-01-20T11:21:01+00:00","breadcrumb":{"@id":"https:\/\/nectarandpulse.com\/de\/team\/#breadcrumb"},"inLanguage":"de","potentialAction":[{"@type":"ReadAction","target":["https:\/\/nectarandpulse.com\/de\/team\/"]}]},{"@type":"BreadcrumbList","@id":"https:\/\/nectarandpulse.com\/de\/team\/#breadcrumb","itemListElement":[{"@type":"ListItem","position":1,"name":"Home","item":"https:\/\/nectarandpulse.com\/de\/"},{"@type":"ListItem","position":2,"name":"Team"}]},{"@type":"WebSite","@id":"https:\/\/nectarandpulse.com\/de\/#website","url":"https:\/\/nectarandpulse.com\/de\/","name":"NECTAR &amp; PULSE","description":"Your local soulmates","potentialAction":[{"@type":"SearchAction","target":{"@type":"EntryPoint","urlTemplate":"https:\/\/nectarandpulse.com\/de\/?s={search_term_string}"},"query-input":{"@type":"PropertyValueSpecification","valueRequired":true,"valueName":"search_term_string"}}],"inLanguage":"de"}]}},"_links":{"self":[{"href":"https:\/\/nectarandpulse.com\/de\/wp-json\/wp\/v2\/pages\/102449"}],"collection":[{"href":"https:\/\/nectarandpulse.com\/de\/wp-json\/wp\/v2\/pages"}],"about":[{"href":"https:\/\/nectarandpulse.com\/de\/wp-json\/wp\/v2\/types\/page"}],"author":[{"embeddable":true,"href":"https:\/\/nectarandpulse.com\/de\/wp-json\/wp\/v2\/users\/2017"}],"replies":[{"embeddable":true,"href":"https:\/\/nectarandpulse.com\/de\/wp-json\/wp\/v2\/comments?post=102449"}],"version-history":[{"count":64,"href":"https:\/\/nectarandpulse.com\/de\/wp-json\/wp\/v2\/pages\/102449\/revisions"}],"predecessor-version":[{"id":115375,"href":"https:\/\/nectarandpulse.com\/de\/wp-json\/wp\/v2\/pages\/102449\/revisions\/115375"}],"wp:attachment":[{"href":"https:\/\/nectarandpulse.com\/de\/wp-json\/wp\/v2\/media?parent=102449"}],"curies":[{"name":"wp","href":"https:\/\/api.w.org\/{rel}","templated":true}]}}