{"id":102433,"date":"2016-06-14T12:11:21","date_gmt":"2016-06-14T10:11:21","guid":{"rendered":"https:\/\/nectarandpulse.com\/collaborate-with-us\/"},"modified":"2021-01-22T13:56:04","modified_gmt":"2021-01-22T12:56:04","slug":"kollaboriere-mit-uns","status":"publish","type":"page","link":"https:\/\/nectarandpulse.com\/de\/kollaboriere-mit-uns\/","title":{"rendered":"KOLLABORATION"},"content":{"rendered":"<div id=\"pl-102433\"  class=\"panel-layout\" ><div id=\"pg-102433-0\"  class=\"panel-grid panel-no-style\" ><div id=\"pgc-102433-0-0\"  class=\"panel-grid-cell\" ><div id=\"panel-102433-0-0-0\" class=\"so-panel widget widget_sow-image panel-first-child panel-last-child\" data-index=\"0\" ><div\n\t\t\t\n\t\t\tclass=\"so-widget-sow-image so-widget-sow-image-default-8b5b6f678277-102433\"\n\t\t\t\n\t\t>\n\n<div class=\"sow-image-container\" style=\"position: relative;\">\n            <img loading=\"lazy\" decoding=\"async\" src=\"https:\/\/nectarandpulse.com\/wp-d90bc-content\/uploads\/HOTELS\/2017-04-Miramonti\/miramonti-boutique-hotel-sued-tirol-nectarandpulse-pool-127.jpg\" width=\"2000\" height=\"1334\" srcset=\"https:\/\/nectarandpulse.com\/wp-d90bc-content\/uploads\/HOTELS\/2017-04-Miramonti\/miramonti-boutique-hotel-sued-tirol-nectarandpulse-pool-127.jpg 2000w, https:\/\/nectarandpulse.com\/wp-d90bc-content\/uploads\/HOTELS\/2017-04-Miramonti\/miramonti-boutique-hotel-sued-tirol-nectarandpulse-pool-127-300x200.jpg 300w, https:\/\/nectarandpulse.com\/wp-d90bc-content\/uploads\/HOTELS\/2017-04-Miramonti\/miramonti-boutique-hotel-sued-tirol-nectarandpulse-pool-127-768x512.jpg 768w, https:\/\/nectarandpulse.com\/wp-d90bc-content\/uploads\/HOTELS\/2017-04-Miramonti\/miramonti-boutique-hotel-sued-tirol-nectarandpulse-pool-127-1024x683.jpg 1024w, https:\/\/nectarandpulse.com\/wp-d90bc-content\/uploads\/HOTELS\/2017-04-Miramonti\/miramonti-boutique-hotel-sued-tirol-nectarandpulse-pool-127-272x182.jpg 272w\" sizes=\"(max-width: 2000px) 100vw, 2000px\" title=\"Miramonti - Meran\"  class=\"so-widget-image\"\/>\n        \n    <\/div>\n\n<\/div><\/div><\/div><\/div><div id=\"pg-102433-1\"  class=\"panel-grid panel-no-style\" ><div id=\"pgc-102433-1-0\"  class=\"panel-grid-cell\" ><div id=\"panel-102433-1-0-0\" class=\"so-panel widget widget_sow-image panel-first-child\" data-index=\"1\" ><div class=\"panel-widget-style panel-widget-style-for-102433-1-0-0\" ><div\n\t\t\t\n\t\t\tclass=\"so-widget-sow-image so-widget-sow-image-default-8b5b6f678277-102433\"\n\t\t\t\n\t\t>\n\n<div class=\"sow-image-container\" style=\"position: relative;\">\n            <img loading=\"lazy\" decoding=\"async\" src=\"https:\/\/nectarandpulse.com\/wp-d90bc-content\/uploads\/2021\/01\/logo-hotels-nectarandpulse.jpg\" width=\"2000\" height=\"195\" srcset=\"https:\/\/nectarandpulse.com\/wp-d90bc-content\/uploads\/2021\/01\/logo-hotels-nectarandpulse.jpg 2000w, https:\/\/nectarandpulse.com\/wp-d90bc-content\/uploads\/2021\/01\/logo-hotels-nectarandpulse-300x29.jpg 300w, https:\/\/nectarandpulse.com\/wp-d90bc-content\/uploads\/2021\/01\/logo-hotels-nectarandpulse-768x75.jpg 768w, https:\/\/nectarandpulse.com\/wp-d90bc-content\/uploads\/2021\/01\/logo-hotels-nectarandpulse-1024x100.jpg 1024w\" sizes=\"(max-width: 2000px) 100vw, 2000px\"  class=\"so-widget-image\"\/>\n        \n    <\/div>\n\n<\/div><\/div><\/div><div id=\"panel-102433-1-0-1\" class=\"so-panel widget widget_sow-editor\" data-index=\"2\" ><div class=\"panel-widget-style panel-widget-style-for-102433-1-0-1\" ><div\n\t\t\t\n\t\t\tclass=\"so-widget-sow-editor so-widget-sow-editor-base\"\n\t\t\t\n\t\t>\n<div class=\"siteorigin-widget-tinymce textwidget\">\n\t<h4 class=\"p1\" style=\"text-align: center;\"><b>WERDE TEIL UNSERER HOTEL-KOLLEKTION!<\/b><\/h4>\n<p class=\"p1\" style=\"text-align: center;\">Wir lieben HOTELS MIT SEELE! Noch mehr lieben wir es, unseren Freunden und Lesern davon zu erz\u00e4hlen \u2013 auf kreative, pers\u00f6nliche und emotionale Art. Du findest unsere einzigartigen Hotel-Berichte auf unserer Website unter <a href=\"https:\/\/nectarandpulse.com\/de\/hotels\/#1\" target=\"_blank\" rel=\"noopener\"><span class=\"s1\">HOTELS<\/span><\/a>. Au\u00dferdem teilen wir sie begeistert via Social Media, in unserem Newsletter, in unseren <a href=\"https:\/\/nectarandpulse.com\/de\/10-mal-glucklich-reisefuhrer\/\" target=\"_blank\" rel=\"noopener\"><span class=\"s1\">Gl\u00fccklich in ... Reisef\u00fchrern<\/span><\/a> f\u00fcr die S\u00fcddeutsche Zeitung und in diversen Editorials f\u00fcr internationale Magazine, Zeitungen und Blogs. Weitere Referenzen findest du <a href=\"https:\/\/nectarandpulse.com\/de\/ueber\/nectar-pulse-agentur\/\" target=\"_blank\" rel=\"noopener\"><span class=\"s1\">hier<\/span><\/a>.<br \/>\n<span style=\"color: #ffffff;\">_________<\/span><br \/>\nSprich uns gern an: <a href=\"mailto:hello@nectarandpulse.com\" target=\"_blank\" rel=\"noopener\"><span class=\"s1\">hello@nectarandpulse.com<\/span><\/a>. Wir freuen uns sehr darauf, dich und dein Hotel kennenzulernen!<\/p>\n<p style=\"text-align: center;\"><span style=\"color: #ffffff;\">----------<\/span><\/p>\n<p style=\"text-align: center;\"><span style=\"color: #808080;\"><em>\"People will forget what you said. They will forget what you did. But they will never forget how you made them feel.\"<\/em> \u2013 Maya Angelou<\/span><\/p>\n<\/div>\n<\/div><\/div><\/div><div id=\"panel-102433-1-0-2\" class=\"so-panel widget widget_sow-headline\" data-index=\"3\" ><div class=\"panel-widget-style panel-widget-style-for-102433-1-0-2\" ><div\n\t\t\t\n\t\t\tclass=\"so-widget-sow-headline so-widget-sow-headline-default-41b37094beb2-102433 so-widget-fittext-wrapper\"\n\t\t\t data-fit-text-compressor=\"0.85\"\n\t\t><div class=\"sow-headline-container \">\n\t\t\t\t\t\t<div class=\"decoration\">\n\t\t\t\t\t\t<div class=\"decoration-inside\"><\/div>\n\t\t\t\t\t<\/div>\n\t\t\t\t\t<\/div>\n<\/div><\/div><\/div><div id=\"panel-102433-1-0-3\" class=\"so-panel widget widget_sow-image\" data-index=\"4\" ><div class=\"panel-widget-style panel-widget-style-for-102433-1-0-3\" ><div\n\t\t\t\n\t\t\tclass=\"so-widget-sow-image so-widget-sow-image-default-8b5b6f678277-102433\"\n\t\t\t\n\t\t>\n\n<div class=\"sow-image-container\" style=\"position: relative;\">\n            <img loading=\"lazy\" decoding=\"async\" src=\"https:\/\/nectarandpulse.com\/wp-d90bc-content\/uploads\/2021\/01\/logo-agentur-nectarandpulse-Kopie.jpg\" width=\"2000\" height=\"195\" srcset=\"https:\/\/nectarandpulse.com\/wp-d90bc-content\/uploads\/2021\/01\/logo-agentur-nectarandpulse-Kopie.jpg 2000w, https:\/\/nectarandpulse.com\/wp-d90bc-content\/uploads\/2021\/01\/logo-agentur-nectarandpulse-Kopie-300x29.jpg 300w, https:\/\/nectarandpulse.com\/wp-d90bc-content\/uploads\/2021\/01\/logo-agentur-nectarandpulse-Kopie-768x75.jpg 768w, https:\/\/nectarandpulse.com\/wp-d90bc-content\/uploads\/2021\/01\/logo-agentur-nectarandpulse-Kopie-1024x100.jpg 1024w\" sizes=\"(max-width: 2000px) 100vw, 2000px\" title=\"logo-agentur-nectarandpulse Kopie\"  class=\"so-widget-image\"\/>\n        \n    <\/div>\n\n<\/div><\/div><\/div><div id=\"panel-102433-1-0-4\" class=\"so-panel widget widget_sow-editor panel-last-child\" data-index=\"5\" ><div class=\"panel-widget-style panel-widget-style-for-102433-1-0-4\" ><div\n\t\t\t\n\t\t\tclass=\"so-widget-sow-editor so-widget-sow-editor-base\"\n\t\t\t\n\t\t>\n<div class=\"siteorigin-widget-tinymce textwidget\">\n\t<h4 style=\"text-align: center;\"><strong>ERFAHRE MEHR \u00dcBER UNSERE AGENTUR!<\/strong><\/h4>\n<p style=\"text-align: center;\"><span class=\"s1\">Die <a href=\"https:\/\/nectarandpulse.com\/de\/ueber\/nectar-pulse-agentur\/\">N&amp;P Agentur<\/a> ist eine Design- und Kreativagentur, mit Sitz in Berlin, f\u00fcr Hotels und internationale Marken im Reise- und Lifestyle-Bereich. Wir sind seit \u00fcber 10 Jahren am Markt, kennen die Branche ausgezeichnet, haben ein relevantes Netzwerk und ein Gesp\u00fcr f\u00fcr zuk\u00fcnftige Trends. Unser Expertise liegt im Design, dem Produzieren von visuellen, emotionalen Geschichten und Erscheinungsbildern und der absichtsvollen Kommunikation. Au\u00dferdem entwickeln wir starke Strategien, die einer sich schnell wandelnden Zeit gewachsen sind, und stehen dir beratend zur Seite. Wir arbeiten mit gro\u00dfer Achtsamkeit und stets mit einem Augenzwinkern.<\/span><\/p>\n<p style=\"text-align: center;\"><span style=\"color: #ffffff;\">----------<\/span><\/p>\n<p style=\"text-align: center;\"><span class=\"s1\"><a href=\"https:\/\/nectarandpulse.com\/de\/ueber\/nectar-pulse-agentur\/\">Hier<\/a> ein kleiner Auszug unserer Referenzen. Schreib uns gerne: <\/span><span class=\"s2\"><a href=\"mailto:hello@nectarandpulse.com\"><span class=\"s3\">hello@nectarandpulse.com<\/span><\/a><\/span><\/p>\n<p style=\"text-align: center;\">Wir freuen uns, mit dir innovative Ideen f\u00fcr eine positive Zukunft umzusetzen! \ud83d\ude04<\/p>\n<p style=\"text-align: center;\"><span style=\"color: #ffffff;\">----------<\/span><\/p>\n<p style=\"text-align: center;\"><span style=\"color: #808080;\"><em>\"Die Zukunft h\u00e4ngt davon ab, was wir heute tun.\"<\/em> \u2013 Gandhi<\/span><\/p>\n<\/div>\n<\/div><\/div><\/div><\/div><\/div><\/div>","protected":false},"excerpt":{"rendered":"<p>WERDE TEIL UNSERER HOTEL-KOLLEKTION! Wir lieben HOTELS MIT SEELE! Noch mehr lieben wir es, unseren Freunden und Lesern davon zu&#8230;  <a class=\"excerpt-read-more\" href=\"https:\/\/nectarandpulse.com\/de\/kollaboriere-mit-uns\/\" title=\"Read KOLLABORATION\">Weiter<\/a><\/p>\n","protected":false},"author":2017,"featured_media":0,"parent":0,"menu_order":0,"comment_status":"closed","ping_status":"closed","template":"","meta":{"om_disable_all_campaigns":false,"footnotes":""},"yoast_head":"<!-- This site is optimized with the Yoast SEO plugin v23.5 - https:\/\/yoast.com\/wordpress\/plugins\/seo\/ -->\n<title>KOLLABORATION - NECTAR &amp; PULSE<\/title>\n<meta name=\"robots\" content=\"index, follow, max-snippet:-1, max-image-preview:large, max-video-preview:-1\" \/>\n<link rel=\"canonical\" href=\"https:\/\/nectarandpulse.com\/de\/kollaboriere-mit-uns\/\" \/>\n<meta property=\"og:locale\" content=\"de_DE\" \/>\n<meta property=\"og:type\" content=\"article\" \/>\n<meta property=\"og:title\" content=\"KOLLABORATION - NECTAR &amp; PULSE\" \/>\n<meta property=\"og:description\" content=\"WERDE TEIL UNSERER HOTEL-KOLLEKTION! Wir lieben HOTELS MIT SEELE! Noch mehr lieben wir es, unseren Freunden und Lesern davon zu... Weiter\" \/>\n<meta property=\"og:url\" content=\"https:\/\/nectarandpulse.com\/de\/kollaboriere-mit-uns\/\" \/>\n<meta property=\"og:site_name\" content=\"NECTAR &amp; PULSE\" \/>\n<meta property=\"article:publisher\" content=\"https:\/\/www.facebook.com\/nectarandpulse\/\" \/>\n<meta property=\"article:modified_time\" content=\"2021-01-22T12:56:04+00:00\" \/>\n<meta name=\"twitter:card\" content=\"summary_large_image\" \/>\n<meta name=\"twitter:site\" content=\"@nectarandpulse\" \/>\n<meta name=\"twitter:label1\" content=\"Gesch\u00e4tzte Lesezeit\" \/>\n\t<meta name=\"twitter:data1\" content=\"2\u00a0Minuten\" \/>\n<script type=\"application\/ld+json\" class=\"yoast-schema-graph\">{\"@context\":\"https:\/\/schema.org\",\"@graph\":[{\"@type\":\"WebPage\",\"@id\":\"https:\/\/nectarandpulse.com\/de\/kollaboriere-mit-uns\/\",\"url\":\"https:\/\/nectarandpulse.com\/de\/kollaboriere-mit-uns\/\",\"name\":\"KOLLABORATION - NECTAR &amp; PULSE\",\"isPartOf\":{\"@id\":\"https:\/\/nectarandpulse.com\/de\/#website\"},\"datePublished\":\"2016-06-14T10:11:21+00:00\",\"dateModified\":\"2021-01-22T12:56:04+00:00\",\"breadcrumb\":{\"@id\":\"https:\/\/nectarandpulse.com\/de\/kollaboriere-mit-uns\/#breadcrumb\"},\"inLanguage\":\"de\",\"potentialAction\":[{\"@type\":\"ReadAction\",\"target\":[\"https:\/\/nectarandpulse.com\/de\/kollaboriere-mit-uns\/\"]}]},{\"@type\":\"BreadcrumbList\",\"@id\":\"https:\/\/nectarandpulse.com\/de\/kollaboriere-mit-uns\/#breadcrumb\",\"itemListElement\":[{\"@type\":\"ListItem\",\"position\":1,\"name\":\"Home\",\"item\":\"https:\/\/nectarandpulse.com\/de\/\"},{\"@type\":\"ListItem\",\"position\":2,\"name\":\"KOLLABORATION\"}]},{\"@type\":\"WebSite\",\"@id\":\"https:\/\/nectarandpulse.com\/de\/#website\",\"url\":\"https:\/\/nectarandpulse.com\/de\/\",\"name\":\"NECTAR &amp; PULSE\",\"description\":\"Your local soulmates\",\"potentialAction\":[{\"@type\":\"SearchAction\",\"target\":{\"@type\":\"EntryPoint\",\"urlTemplate\":\"https:\/\/nectarandpulse.com\/de\/?s={search_term_string}\"},\"query-input\":{\"@type\":\"PropertyValueSpecification\",\"valueRequired\":true,\"valueName\":\"search_term_string\"}}],\"inLanguage\":\"de\"}]}<\/script>\n<!-- \/ Yoast SEO plugin. -->","yoast_head_json":{"title":"KOLLABORATION - NECTAR &amp; PULSE","robots":{"index":"index","follow":"follow","max-snippet":"max-snippet:-1","max-image-preview":"max-image-preview:large","max-video-preview":"max-video-preview:-1"},"canonical":"https:\/\/nectarandpulse.com\/de\/kollaboriere-mit-uns\/","og_locale":"de_DE","og_type":"article","og_title":"KOLLABORATION - NECTAR &amp; PULSE","og_description":"WERDE TEIL UNSERER HOTEL-KOLLEKTION! Wir lieben HOTELS MIT SEELE! Noch mehr lieben wir es, unseren Freunden und Lesern davon zu... Weiter","og_url":"https:\/\/nectarandpulse.com\/de\/kollaboriere-mit-uns\/","og_site_name":"NECTAR &amp; PULSE","article_publisher":"https:\/\/www.facebook.com\/nectarandpulse\/","article_modified_time":"2021-01-22T12:56:04+00:00","twitter_card":"summary_large_image","twitter_site":"@nectarandpulse","twitter_misc":{"Gesch\u00e4tzte Lesezeit":"2\u00a0Minuten"},"schema":{"@context":"https:\/\/schema.org","@graph":[{"@type":"WebPage","@id":"https:\/\/nectarandpulse.com\/de\/kollaboriere-mit-uns\/","url":"https:\/\/nectarandpulse.com\/de\/kollaboriere-mit-uns\/","name":"KOLLABORATION - NECTAR &amp; PULSE","isPartOf":{"@id":"https:\/\/nectarandpulse.com\/de\/#website"},"datePublished":"2016-06-14T10:11:21+00:00","dateModified":"2021-01-22T12:56:04+00:00","breadcrumb":{"@id":"https:\/\/nectarandpulse.com\/de\/kollaboriere-mit-uns\/#breadcrumb"},"inLanguage":"de","potentialAction":[{"@type":"ReadAction","target":["https:\/\/nectarandpulse.com\/de\/kollaboriere-mit-uns\/"]}]},{"@type":"BreadcrumbList","@id":"https:\/\/nectarandpulse.com\/de\/kollaboriere-mit-uns\/#breadcrumb","itemListElement":[{"@type":"ListItem","position":1,"name":"Home","item":"https:\/\/nectarandpulse.com\/de\/"},{"@type":"ListItem","position":2,"name":"KOLLABORATION"}]},{"@type":"WebSite","@id":"https:\/\/nectarandpulse.com\/de\/#website","url":"https:\/\/nectarandpulse.com\/de\/","name":"NECTAR &amp; PULSE","description":"Your local soulmates","potentialAction":[{"@type":"SearchAction","target":{"@type":"EntryPoint","urlTemplate":"https:\/\/nectarandpulse.com\/de\/?s={search_term_string}"},"query-input":{"@type":"PropertyValueSpecification","valueRequired":true,"valueName":"search_term_string"}}],"inLanguage":"de"}]}},"_links":{"self":[{"href":"https:\/\/nectarandpulse.com\/de\/wp-json\/wp\/v2\/pages\/102433"}],"collection":[{"href":"https:\/\/nectarandpulse.com\/de\/wp-json\/wp\/v2\/pages"}],"about":[{"href":"https:\/\/nectarandpulse.com\/de\/wp-json\/wp\/v2\/types\/page"}],"author":[{"embeddable":true,"href":"https:\/\/nectarandpulse.com\/de\/wp-json\/wp\/v2\/users\/2017"}],"replies":[{"embeddable":true,"href":"https:\/\/nectarandpulse.com\/de\/wp-json\/wp\/v2\/comments?post=102433"}],"version-history":[{"count":31,"href":"https:\/\/nectarandpulse.com\/de\/wp-json\/wp\/v2\/pages\/102433\/revisions"}],"predecessor-version":[{"id":103771,"href":"https:\/\/nectarandpulse.com\/de\/wp-json\/wp\/v2\/pages\/102433\/revisions\/103771"}],"wp:attachment":[{"href":"https:\/\/nectarandpulse.com\/de\/wp-json\/wp\/v2\/media?parent=102433"}],"curies":[{"name":"wp","href":"https:\/\/api.w.org\/{rel}","templated":true}]}}